{"id":131,"date":"2013-09-22T14:37:03","date_gmt":"2013-09-22T13:37:03","guid":{"rendered":"http:\/\/www.kraftonline.org\/?page_id=131"},"modified":"2014-05-02T15:53:39","modified_gmt":"2014-05-02T14:53:39","slug":"131-2","status":"publish","type":"page","link":"http:\/\/www.kraftonline.org\/?page_id=131","title":{"rendered":"Poolsteuerung &#8211; Version 1 &#8211; bis 2013 (mit C-Control Station)"},"content":{"rendered":"<h1 align=\"center\"><span style=\"font-size: large;\">Die Steuerung unseres Swimmingpools<\/span><\/h1>\n<h5 style=\"text-align: center;\"><span style=\"color: #ff0000;\"><a href=\"http:\/\/www.kraftonline.org\/?page_id=156\"><span style=\"color: #ff0000;\">Seit 2013 ist eine neue Steuerung in Betrieb &#8230; hier gehts zur neuen Steuerung<\/span><\/a><\/span><\/h5>\n<p>&nbsp;<\/p>\n<p><img decoding=\"async\" class=\"aligncenter\" title=\"Solar_Schematic.gif\" alt=\"Photograph\" src=\"http:\/\/www.kraftonline.org\/Poolbau\/Steuerung\/Solar_Schematic.gif\" \/><\/p>\n<div align=\"center\"><span style=\"font-size: xx-small;\">Planung und Realisation<\/span><\/div>\n<p>Auch schon bei meinem alten &#8222;Quick up&#8220; Pool hatte ich ein Solar Paneel. Bei dem jetzigen Pool sind es sogar drei.<br \/>\nBei einer L\u00e4nge von 6,6m und einer Breite von 0,6m sind das also rund 10qm Absorberfl\u00e4che.<br \/>\nAls sehr unkomfortabel empfand ich aber immer das Manuelle Ein und Ausschalten der Solaranlage.<br \/>\nDa die ganze Anlage jetzt nicht mehr im Freien aufgebaut ist habe ich mich dazu entschlossen eine Automatische Poolsteuerung zu bauen.<br \/>\nZun\u00e4chst wollte ich nur mit einem g\u00fcnstigen Temperaturdifferenzschalter, den es als Bausatz von <a href=\"http:\/\/www.elv.de\/default.htm\">ELV<\/a> gibt, die Solaranlage ein und ausschalten.<br \/>\nDie Schaltung lag schon komplett funktionst\u00fcchtig bei mir auf dem Tisch.<\/p>\n<p><img decoding=\"async\" class=\"aligncenter\" title=\"Image_P7271056.JPG\" alt=\"Photograph\" src=\"http:\/\/www.kraftonline.org\/Poolbau\/Steuerung\/Image_P7271056.JPG\" \/><\/p>\n<p>Jetzt fehlte mir nur noch ein steuerbares Ventil.<br \/>\nLeider sind Motorbetriebene Dreiwegeventile mit 1 1\/2&#8243; IG extrem teuer (~300 Euro). Bei einem Bew\u00e4sserungsprofi f\u00fcr Tennispl\u00e4tze(!!) wurde ich f\u00fcndig.<br \/>\nDort fand ich ein Magnetventil mit dem gew\u00fcnschen Anschu\u00df. Wichtig ist die Eignung f\u00fcr geringf\u00fcgig s\u00e4urebelastetes Wasser.<br \/>\nIn E-Bay konnte ich zu einem akzeptablen Preis (rund 75 Euro) solch ein Teil erstehen.<br \/>\nG\u00fcnstiger w\u00e4re es sogar noch geworden wenn ich das Magnetventil ohne Durchflussmengenregelung genommen h\u00e4tte (das habe ich aber zu der Zeit nicht gewusst).<br \/>\nDiese Magnetventile gibt es mit 24V oder 220V Ansteuerung. Ich entschied mich f\u00fcr die 220V Variante.<\/p>\n<p style=\"text-align: center;\"><img decoding=\"async\" title=\"Image_P7171029.JPG\" alt=\"Photograph\" src=\"http:\/\/www.kraftonline.org\/Poolbau\/Steuerung\/Image_P7171029.JPG\" \/><img decoding=\"async\" title=\"mangnetventil.jpg\" alt=\"Photograph\" src=\"http:\/\/www.kraftonline.org\/Poolbau\/Steuerung\/mangnetventil.jpg\" \/><\/p>\n<p>Die 220V Variante machte den Aufwand zur Ansteuerung aber recht gro\u00df, weil die ELV Schaltung keine direkte Ansteuerung von 220V Ger\u00e4ten erlaubt.<br \/>\nAber auch mit der 24V Variante h\u00e4tte ich wohl <b>nicht<\/b> weniger Aufwand gehabt, da ein Zus\u00e4tzliches 24V Netzteil n\u00f6tig geworden w\u00e4re.<br \/>\nEs wurde mir langsam klar das ich eine Zeituhr, ein Netzteil (f\u00fcr die Temperaturdifferenzschaltung) und diverse Hilfsschaltungen ben\u00f6tigte.<br \/>\nDas Endergebnis w\u00e4re wohlm\u00f6glich eine Endlose &#8222;Bastelkiste&#8220; geworden. Solche &#8222;Bastell\u00f6sungen&#8220; sind nicht mein Fall.<br \/>\nIm <a href=\"http:\/\/www.conrad.de\">Conrad<\/a> Katalog bin ich dann \u00fcber die <a href=\"http:\/\/www.c-control.de\/daten\/station_gross.html#\">&#8222;C-Control 1 Station&#8220;<\/a> gestolpert.<br \/>\nDas hat meine komplette Planung \u00fcber den Haufen geworfen. Genau so was habe ich gesucht. Alles in einem.<br \/>\nMehr Informationen auf der eigenen Webseite: <a href=\"http:\/\/www.c-control.de\">http:\/\/www.c-control.de<\/a><\/p>\n<p><img decoding=\"async\" class=\"aligncenter\" title=\"station_gross.jpg\" alt=\"Photograph\" src=\"http:\/\/www.kraftonline.org\/Poolbau\/Steuerung\/station_gross.jpg\" \/><\/p>\n<p>Dieses geniale Teil wird einfach auf die Hutschiene in einem Sicherungsksaten montiert und bringt schon alle wichtigen Anschl\u00fcsse mit.<br \/>\nSogar zwei Temperaturf\u00fchler sind schon von Haus aus dabei. Zus\u00e4tzlich ist die Wunderkiste frei Programmierbar.<br \/>\nAlso schnell bestellt denn mit knapp 100 Euro ist die CCStation um einiges g\u00fcnstiger wie fertige Steuerungen (~350 Euro).<br \/>\nBeim Programmieren musste ich jedoch feststellen das eine Zeitsteuerung nur mit der DCF77 Platine sinnvoll m\u00f6glich ist(~10 Euro). Die hatte ich aber nicht mitbestellt.<br \/>\nDoch in meinem Bastelkeller steht seit 1992 eine DCF77 Funkuhr nutzlos herum (mein Meisterst\u00fcck).<br \/>\nMit einer kleinen Anpassung konnte ich diese Uhr verwenden. Jetzt dient sie als Signalgeber f\u00fcr die in der CCStation integrierte DCF77 Uhr.<br \/>\nIn der Serienausstattung hat die CC Station leider kein Display was mich nicht sonderlich gest\u00f6rt hat.<br \/>\nEine sp\u00e4tere Nachr\u00fcstung ist aber m\u00f6glich. Andere Erweiterungen sind ebenfalls zahlreich m\u00f6glich.<br \/>\nDie Station besitzt bereits zwei Relais Ausg\u00e4nge (220V\/6A &#8230; somit auch f\u00fcr meine Pumpe genug).<\/p>\n<p>Die Anforderungen von mir an die Steuerung waren gro\u00df:<br \/>\n&#8211; Von der Wassertemperatur abh\u00e4ngige Pumpenlaufzeit (je w\u00e4rmer das Wasser umso l\u00e4nger l\u00e4uft die Pumpe)<br \/>\n&#8211; Solarregelung in Abh\u00e4ngkeit von der Differenz zwischen Dach- und Wassertemperatur<br \/>\n&#8211; Solange die Dachtemperatur 5\u00b0 \u00fcber der Wassertemperatur liegt l\u00e4uft die Pumpe (auch wenn die Zeit eigentlich abgelaufen ist)<br \/>\n&#8211; Abschalten der Solaranlage bei zu hohen Wassertemperaturen (&gt;30\u00b0)<br \/>\n&#8211; Manueller Betrieb (zum Bodensaugen, Wartungsarbeiten)<br \/>\n&#8211; Standbyschaltung nachts um den Stormverbrauch klein zu halten<\/p>\n<p>Leider musste ich noch einen kleinen Punkt hinzuf\u00fcgen: &#8230; Stromausfall!<br \/>\nDie CC Station kehrt nach einem Stromausfall nicht mehr ohne externe Hilfe (Tastendruck) in ihr Programm zur\u00fcck.<br \/>\nEs gibt zwar eine L\u00f6sung dazu, doch dazu muss die CC Station ge\u00f6ffnet werden (Garantieverlust).<br \/>\nEin 12V Akku aus der Bastelkiste und ein klein wenig Software versetzt die CC Station bei Stromausfall in den Standby Betrieb und l\u00e4uft bei Widerkehr der Spannung normal weiter.<\/p>\n<h1><span style=\"font-size: xx-small;\">Hardwareinstallation<\/span><\/h1>\n<p>So wird die Steuerung verkabelt:<\/p>\n<p><img decoding=\"async\" class=\"aligncenter\" title=\"Scmmx_Poolsteuerung_Basis.gif\" alt=\"Photograph\" src=\"http:\/\/www.kraftonline.org\/Poolbau\/Steuerung\/Scmmx_Poolsteuerung_Basis.gif\" \/><\/p>\n<p>Ich habe bei mir die Pumpe \u00fcber eine Steckdose angeschlossen.<br \/>\nIm Notfall kann ich dann einfach den Stecker ziehen.<br \/>\nAuch ein Abbauen der Pumpe im Winter ist somit kein Problem<\/p>\n<p><span style=\"font-size: xx-small;\">Hardwareinstallation \/ Geber f\u00fcr Wassertemperatur<\/span><\/p>\n<p>Von einigen Interessenten an meiner Anlage habe ich immer wieder die Frage geh\u00f6rt wie ich die Wassertemperatur abnehme.<br \/>\nSolange die Wasserf\u00fchrenden Teile in Schlauch ausgef\u00fchrt waren, habe ich den Temperaturf\u00fchler einfach mit einem Kabelbinder am Schlauch befestigt.<br \/>\nSicher keine Ideale L\u00f6sung, aber ausreichend. Versuche mit einer Hohlschraube den F\u00fchler Besch\u00e4digungsfrei in den Wasserstrom zu bringen waren ebenfalls gut.<br \/>\nMit der neuen PVC Verrohrung in 2005 hatte ich jetzt die M\u00f6glichkeit den F\u00fchler direkt in ein Rohr einkleben. Das sollte die besten Ergebnisse bringen.<\/p>\n<p><img decoding=\"async\" class=\"aligncenter\" title=\"Image_P0504_3.jpg\" alt=\"Photograph\" src=\"http:\/\/www.kraftonline.org\/Poolbau\/Steuerung\/Image_P0504_3.jpg\" \/><\/p>\n<p><span style=\"font-size: xx-small;\">Hardwareinstallation \/ Geber f\u00fcr Dachtemperatur<\/span><\/p>\n<p>Den Temperaturf\u00fchler f\u00fcr die Dachtemperatur habe ich unter dem Abschlu\u00dfblech versteckt.<br \/>\nDa ist er vor den gr\u00f6bsten Witterungseinfl\u00fcssen gesch\u00fctzt und kann trotzdem noch gute Werte messen.<\/p>\n<p><img decoding=\"async\" class=\"aligncenter\" title=\"Image_P7251049.JPG\" alt=\"Photograph\" src=\"http:\/\/www.kraftonline.org\/Poolbau\/Steuerung\/Image_P7251049.JPG\" \/><\/p>\n<p style=\"text-align: center;\"><span style=\"font-size: xx-small;\">Bilder von der fertigen Anlage<\/span><\/p>\n<p style=\"text-align: center;\"><img decoding=\"async\" title=\"Image_P7251045.JPG\" alt=\"Photograph\" src=\"http:\/\/www.kraftonline.org\/Poolbau\/Steuerung\/Image_P7251045.JPG\" \/><img decoding=\"async\" title=\"Image_P7251047.JPG\" alt=\"Photograph\" src=\"http:\/\/www.kraftonline.org\/Poolbau\/Steuerung\/Image_P7251047.JPG\" \/><\/p>\n<p>Vom Aufbau und dem Anschlu\u00df der Komponenten lief die Anlage sofort einwandfrei.<br \/>\nDoch schon am ersten Tag erkannte ich gravierende Probleme in meiner Software.<br \/>\nDas Solarventil klapperte beim Unterschreiten der Temperaturdifferenz mehrere male auf und zu. Analog dazu wurde die Pumpe gestartet.<br \/>\nDie Temperatur unterschreitet den Grenzwert nicht sofort und somit ist ein andauerndes ein- und ausschalten nicht zu vermeiden.<br \/>\nDaher wird die Solar- und Pumpenabfrage jetzt nur ein mal pro Minute durchgef\u00fchrt. Ein Relasigeklappern ist jetzt ausgeschlossen.<br \/>\nFehler in der Standbyschaltung waren auch zu beseitigen.<br \/>\nEs war zun\u00e4chst nicht m\u00f6glich im Standby Betrieb die Anlage manuell zu betreiben. Das sollte aber unbedingt n\u00f6tig sein<br \/>\n<span style=\"font-size: xx-small;\">Software<\/span><\/p>\n<p>Ohne die geeignete Software l\u00e4uft aber die Steuerung noch nicht.<br \/>\nDie Folgenden Programme sind von mir selbst geschrieben und k\u00f6nnen f\u00fcr Private Zwecke verwendet werden.<\/p>\n<p><a href=\"http:\/\/www.kraftonline.org\/Poolbau\/Steuerung\/Poolsteuerung_Basis.BAS\">Hier gibt es den <b>Basis<\/b> Quelltext (1.11)<\/a><\/p>\n<p><a href=\"http:\/\/www.kraftonline.org\/Poolbau\/Steuerung\/Poolsteuerung_Basis_Anleitung.pdf\">und die passende Bedinungsanleitung<\/a><\/p>\n<p>Mit diesem Programm funktioniert die Steuerung schon recht gut.<br \/>\n<i>\u00c4nderungen am 12.8.2004:<\/i><\/p>\n<p>Diverse \u00c4nderungen habe ich jetzt schon in das Programm eingebaut<br \/>\n&#8211; Pumpenfernsteuerung<br \/>\n&#8211; Timerbetrieb<\/p>\n<p>Ein Taster am Pool gibt mir jetzt die M\u00f6glichkeit im Manuellen Betrieb die Pumpe vom Pool aus Fernzusteuern. Jetzt kann ich die Pumpe nach dem Bodensaugen abstellen ohne erst zur Steuerung laufen zu m\u00fcssen.<\/p>\n<p>Ein Trockenlaufschutz wurde auch integriert. Ein Wasserstandssensor erfasst Wassertiefstand und schaltet die Pumpe ab.<\/p>\n<p>Oft kommt es vor das man abends entdeckt das die Pumpe noch ein bisschen laufen k\u00f6nnte (Oberfl\u00e4chenreinigung). Daher habe ich jetzt eine Timerfunktion eingebaut. Ein Tastendruck reicht jetzt und die Pumpe l\u00e4uft automatisch ein halbe Stunde lang.<\/p>\n<p><a href=\"http:\/\/www.kraftonline.org\/Poolbau\/Steuerung\/Poolsteuerung_Komfort.BAS\">Hier gibt es den <b>Komfort<\/b> Quelltext (2.01)<\/a><\/p>\n<p><a href=\"http:\/\/www.kraftonline.org\/Poolbau\/Steuerung\/Poolsteuerung_Komfort_Anleitung.pdf\">und die passende Bedinungsanleitung<\/a><\/p>\n<p>Weitere Tr\u00e4ume sind (an der CC Station sind noch einige Ein- \/ Ausg\u00e4nge frei):<br \/>\n&#8211; Lokale Anzeige f\u00fcr diverse Informationen <i>im April 2005 verwirklicht (siehe weiter unten)<br \/>\n&#8211; Fernanzeige der Wassertemperatur<br \/>\n&#8211; Datenaufzeichnug<br \/>\n&#8211; Wassertest (PH-Wert)<br \/>\n&#8211; &#8230;<br \/>\n&#8211; &#8230;<br \/>\n&#8211; &#8230;<\/i><\/p>\n<p><span style=\"font-size: xx-small;\">Neues in 2005<\/span><\/p>\n<p>Damit die Saison 2005 nicht zu langweilig wird, habe ich mir f\u00fcr das Fr\u00fchjahr den Umbau in PVC Verrohrung vorgenommen.<br \/>\nGleichzeitig habe ich die Steuerung um ein I\/O Terminal mit LCD Display erg\u00e4nzt.<\/p>\n<p>Jetzt kann ich die Temperaturen im Klartext auf dem Display darstellen.<br \/>\nDie Planung und die Software stammt schon aus dem letzten Jahr.<br \/>\nAufgrund von St\u00f6rungen musste ich jedoch die Versuche mit der Anzeige wieder abbrechen.<br \/>\nNach einigen \u00c4nderungen waage ich den n\u00e4chsten Versuch.<br \/>\nWeitere Erweiterungen sind jetzt auch m\u00f6glich. Mal sehen was mir sonst noch alles einf\u00e4llt.<\/p>\n<p>Das ganze sieht jetzt so aus:<\/p>\n<p><img decoding=\"async\" class=\"aligncenter\" title=\"Scmmx_Poolsteuerung_LCD.gif\" alt=\"Photograph\" src=\"http:\/\/www.kraftonline.org\/Poolbau\/Steuerung\/Scmmx_Poolsteuerung_LCD.gif\" width=\"90%\" \/><\/p>\n<p><img decoding=\"async\" class=\"aligncenter\" title=\"Strg_mit_LCD.jpg\" alt=\"Photograph\" src=\"http:\/\/www.kraftonline.org\/Poolbau\/Steuerung\/Strg_mit_LCD.jpg\" \/><\/p>\n<p><a href=\"http:\/\/www.kraftonline.org\/Poolbau\/Steuerung\/Poolsteuerung_Komfort_LCD.BAS\">Hier gibt es den <b>Komfort<\/b> Quelltext mit LCD Anzeige (3.19)<\/a><\/p>\n<p><span style=\"font-size: small;\">Noch eine wichtige Info:<\/span><\/p>\n<p>Die Control Station gibt es auch in einer neueren Ausf\u00fchrung mit Display und wesentlich gr\u00f6\u00dferem Funktionsumfang (C-Control Station 2).<br \/>\nDoch dieses Teil hat keine Temperatursensoren dabei.<br \/>\nEine Verwendung f\u00fcr diesen Zweck ist zwar m\u00f6glich, aber deutlich aufw\u00e4ndiger und teurer.<br \/>\nAllein die CC2 Station (ohne Sensoren) kostet schon 200 Euro.<br \/>\nDamit w\u00e4re Steuerung nicht mehr g\u00fcnstiger wie eine Professionelle Steuerung.<br \/>\nSicher l\u00e4sst sich die Steuerung auch mit der CC2 Station verwirklichen.<br \/>\nIch bin jedeoch der Meinung das der von der CC2 gebotene Funktionsumfang f\u00fcr dies Steuerung einer Poolanlage einfach zu gro\u00df ist.<\/p>\n<p>Nachtrag in 2006:<\/p>\n<p>Die Control Station 1 ist aus dem Programm von Conrad rausgefallen. Jetzt bleibt nur der Griff zur Control Station 2.<br \/>\nAuch ich \u00fcberlege gerade einen Umstieg auf die Control Station 2 vorzunehmen. Da aber die alte Steuerung auch<br \/>\njetzt noch klaglos ihren Dienst macht, werde ich wohl nicht umsteigen.<\/p>\n<p>Nachtrag in 2013:<\/p>\n<p>Die CC-Station ist in diesem Sommer leider zum zweiten mal einem Blitzschalg erlegen, daher habe ich eine komplett neue Steuerung gebaut.<br \/>\nDiese wird hier in der Version 2 behandelt.<\/p>\n<p class=\"caption\"><a href=\"http:\/\/www.kraftonline.org\/?page_id=24\">\u00a9 2013 Bertil Kraft<\/a><\/p>\n<p>&nbsp;<\/p>\n<p>&nbsp;<\/p>\n","protected":false},"excerpt":{"rendered":"<p>Die Steuerung unseres Swimmingpools Seit 2013 ist eine neue Steuerung in Betrieb &#8230; hier gehts zur neuen Steuerung <\/p>\n<p>&nbsp;<\/p>\n<\/p>\n<p> Planung und Realisation <\/p>\n<p>Auch schon bei meinem alten &#8222;Quick up&#8220; Pool hatte ich ein Solar Paneel. Bei dem jetzigen Pool sind es sogar drei. Bei einer L\u00e4nge von 6,6m und einer Breite von 0,6m sind [&#8230;]<\/p>\n","protected":false},"author":2,"featured_media":0,"parent":75,"menu_order":50,"comment_status":"closed","ping_status":"closed","template":"","meta":[],"_links":{"self":[{"href":"http:\/\/www.kraftonline.org\/index.php?rest_route=\/wp\/v2\/pages\/131"}],"collection":[{"href":"http:\/\/www.kraftonline.org\/index.php?rest_route=\/wp\/v2\/pages"}],"about":[{"href":"http:\/\/www.kraftonline.org\/index.php?rest_route=\/wp\/v2\/types\/page"}],"author":[{"embeddable":true,"href":"http:\/\/www.kraftonline.org\/index.php?rest_route=\/wp\/v2\/users\/2"}],"replies":[{"embeddable":true,"href":"http:\/\/www.kraftonline.org\/index.php?rest_route=%2Fwp%2Fv2%2Fcomments&post=131"}],"version-history":[{"count":31,"href":"http:\/\/www.kraftonline.org\/index.php?rest_route=\/wp\/v2\/pages\/131\/revisions"}],"predecessor-version":[{"id":429,"href":"http:\/\/www.kraftonline.org\/index.php?rest_route=\/wp\/v2\/pages\/131\/revisions\/429"}],"up":[{"embeddable":true,"href":"http:\/\/www.kraftonline.org\/index.php?rest_route=\/wp\/v2\/pages\/75"}],"wp:attachment":[{"href":"http:\/\/www.kraftonline.org\/index.php?rest_route=%2Fwp%2Fv2%2Fmedia&parent=131"}],"curies":[{"name":"wp","href":"https:\/\/api.w.org\/{rel}","templated":true}]}}