{"id":316,"date":"2013-11-25T13:02:35","date_gmt":"2013-11-25T12:02:35","guid":{"rendered":"http:\/\/www.kraftonline.org\/?page_id=316"},"modified":"2013-11-25T13:04:12","modified_gmt":"2013-11-25T12:04:12","slug":"links-zum-thema-pool","status":"publish","type":"page","link":"http:\/\/www.kraftonline.org\/?page_id=316","title":{"rendered":"Links zum Thema Pool"},"content":{"rendered":"<p style=\"text-align: center;\">Alle Links sind zwar gepr\u00fcft, es kann aber keine Verantwortung f\u00fcr deren Inhalt \u00fcbernommen werden.Der Betreiber der jeweiligen Seite ist f\u00fcr deren Inhalt selbst verantwortlich.<br \/>\nErkl\u00e4rung:<br \/>\nMit Urteil vom 12. Mai 1998 hat das Landgericht Hamburg entschieden, dass man durch die Ausbringung eines Links die Inhalte der gelinkten Seite ggf. mit zu verantworten hat. Dies kann &#8211; so das LG &#8211; nur dadurch verhindert werden, da\u00df man sich ausdr\u00fccklich von diesen Inhalten distanziert. Ich habe auf dieser Seite Links zu anderen Seiten im Internet gelegt.<br \/>\nF\u00fcr all diese Links gilt:<br \/>\nIch m\u00f6chte ausdr\u00fccklich betonen, da\u00df ich (UND MEIN ISP oder WEBHOSTER) keinerlei Einfluss auf die Gestaltung und die Inhalte der gelinkten Seiten habe. Deshalb distanziere ich mich hiermit ausdr\u00fccklich von allen Inhalten aller gelinkten Seiten auf dieser Homepage und mache mir ihre Inhalte nicht zueigen. Diese Erkl\u00e4rung gilt f\u00fcr alle auf meiner Homepage ausgebrachten Links<br \/>\nMir ist bewusst, dass ich durch eine solche Erkl\u00e4rung nicht frei jeglicher Verantwortung bin. Schicken sie mir deshalb bitte eine E-Mails falls sie einen Link zu einer dubiosen Seite hier entdecken sollten. Ich werde dann unverz\u00fcglich den Mangel abstellen. Leider ist eine t\u00e4gliche Kontrolle aller geschalteten Links unm\u00f6glich.<\/p>\n<table width=\"95%\" border=\"3\" cellspacing=\"3\" cellpadding=\"3\">\n<tbody>\n<tr>\n<td><a href=\"http:\/\/www.pooldoktor.at\/\" target=\"_blank\">http:\/\/www.pooldoktor.at\/<\/a><\/td>\n<td>Sch\u00f6ne Seite mit vielen Infos und einem sehr guten Forum<\/td>\n<\/tr>\n<tr>\n<td><\/td>\n<td><\/td>\n<\/tr>\n<tr>\n<td><a href=\"http:\/\/www.makrue.com\/Pool-Bau.htm\" target=\"_blank\">http:\/\/www.makrue.com\/Pool-Bau.htm<\/a><\/td>\n<td>Baudokumentation eines eingelassenen ovalen Stahlwandpools<\/td>\n<\/tr>\n<tr>\n<td><a href=\"http:\/\/www.poolbauen.de\" target=\"_blank\">http:\/\/www.poolbauen.de<\/a><\/td>\n<td>Baudokumentation eines eingelassenen ovalen Stahlwandpools<\/td>\n<\/tr>\n<tr>\n<td><a href=\"http:\/\/www.poolbau24.de\" target=\"_blank\">http:\/\/www.poolbau24.de<\/a><\/td>\n<td>Baudokumentation eines rechteckigen Pools.<br \/>\nDie Abdichtung erfolgte hier mit Farbe.<\/td>\n<\/tr>\n<tr>\n<td><a href=\"http:\/\/rz-home.de\/%7Efkiesow\/\" target=\"_blank\">http:\/\/rz-home.de\/~fkiesow\/<\/a><\/td>\n<td>Baudokumentation eines gemauerten Folienpools<\/td>\n<\/tr>\n<tr>\n<td><a href=\"http:\/\/www.urlaub-in-himmelpfort.de\/\" target=\"_blank\">http:\/\/www.urlaub-in-himmelpfort.de<\/a><\/td>\n<td>Baudokumentation eines \u00fcberdachten Aussenpools<\/td>\n<\/tr>\n<tr>\n<td><\/td>\n<td><\/td>\n<\/tr>\n<tr>\n<td><\/td>\n<td><\/td>\n<\/tr>\n<tr>\n<td><\/td>\n<td><\/td>\n<\/tr>\n<tr>\n<td><\/td>\n<td><\/td>\n<\/tr>\n<\/tbody>\n<\/table>\n","protected":false},"excerpt":{"rendered":"<p style=\"text-align: center;\">Alle Links sind zwar gepr\u00fcft, es kann aber keine Verantwortung f\u00fcr deren Inhalt \u00fcbernommen werden.Der Betreiber der jeweiligen Seite ist f\u00fcr deren Inhalt selbst verantwortlich. Erkl\u00e4rung: Mit Urteil vom 12. Mai 1998 hat das Landgericht Hamburg entschieden, dass man durch die Ausbringung eines Links die Inhalte der gelinkten Seite ggf. mit zu verantworten [&#8230;]<\/p>\n","protected":false},"author":2,"featured_media":0,"parent":75,"menu_order":98,"comment_status":"closed","ping_status":"closed","template":"","meta":[],"_links":{"self":[{"href":"http:\/\/www.kraftonline.org\/index.php?rest_route=\/wp\/v2\/pages\/316"}],"collection":[{"href":"http:\/\/www.kraftonline.org\/index.php?rest_route=\/wp\/v2\/pages"}],"about":[{"href":"http:\/\/www.kraftonline.org\/index.php?rest_route=\/wp\/v2\/types\/page"}],"author":[{"embeddable":true,"href":"http:\/\/www.kraftonline.org\/index.php?rest_route=\/wp\/v2\/users\/2"}],"replies":[{"embeddable":true,"href":"http:\/\/www.kraftonline.org\/index.php?rest_route=%2Fwp%2Fv2%2Fcomments&post=316"}],"version-history":[{"count":4,"href":"http:\/\/www.kraftonline.org\/index.php?rest_route=\/wp\/v2\/pages\/316\/revisions"}],"predecessor-version":[{"id":320,"href":"http:\/\/www.kraftonline.org\/index.php?rest_route=\/wp\/v2\/pages\/316\/revisions\/320"}],"up":[{"embeddable":true,"href":"http:\/\/www.kraftonline.org\/index.php?rest_route=\/wp\/v2\/pages\/75"}],"wp:attachment":[{"href":"http:\/\/www.kraftonline.org\/index.php?rest_route=%2Fwp%2Fv2%2Fmedia&parent=316"}],"curies":[{"name":"wp","href":"https:\/\/api.w.org\/{rel}","templated":true}]}}