{"id":321,"date":"2013-11-25T13:11:03","date_gmt":"2013-11-25T12:11:03","guid":{"rendered":"http:\/\/www.kraftonline.org\/?page_id=321"},"modified":"2016-02-11T20:41:56","modified_gmt":"2016-02-11T19:41:56","slug":"aktuelles","status":"publish","type":"page","link":"http:\/\/www.kraftonline.org\/?page_id=321","title":{"rendered":"Aktuelles"},"content":{"rendered":"<table border=\"3\" width=\"90%\" cellspacing=\"3\" cellpadding=\"3\">\n<tbody>\n<tr>\n<td>11.02.2016<\/td>\n<td>Scripte und Konfiguration der Steuerung auf dem Raspberry PI komplett \u00fcberarbeitet. FHEM rausgeworfen.<br \/>\nHomepage aktualisiert &#8211; Beschreibung der aktualisierten Steuerung eingef\u00fcgt.<br \/>\nSaubere Darstellung der Temperaturen auf der Seite eingef\u00fcgt.<\/p>\n<p>Display am Raspberry hinzugef\u00fcgt inclusive der Fernsteuerung \u00fcber Softkey Tasten.<\/td>\n<\/tr>\n<tr>\n<td>2015<\/td>\n<td>Irgendwie lief die Anlage ohne weitere Eingriffe ohne Probleme.<br \/>\nDa habe ich doch glatt die Eintr\u00e4ge hier vergessen.<\/p>\n<p>In diesem Jahr hat es eine neue Poolabdeckfolie gegeben. Die haben mir M\u00e4use auch glatt zerfressen.<\/td>\n<\/tr>\n<tr>\n<td>23.04.2014<\/td>\n<td>Scripte und Konfiguration der Steuerung auf dem Raspberry PI \u00fcberarbeitet.<br \/>\nHomepage aktualisiert &#8211; Beschreibung der neuen Steuerung eingef\u00fcgt.<\/td>\n<\/tr>\n<tr>\n<td>19.04.2014<\/td>\n<td>Pool ausgewintert, keine \u00c4nderung zum Vorjahr.<br \/>\nDen Skimmer habe ich vorsichtshalber ersetzt. Er war zwar nicht defekt, doch schon sehr Br\u00fcchig.<\/td>\n<\/tr>\n<tr>\n<td>25.11.2013<\/td>\n<td>Umzug auf die neue Homepagestruktur<\/td>\n<\/tr>\n<tr>\n<td>15.08.2013<\/td>\n<td>Die gute alte C-Control Steuerung hat in einem Gewitter den Dienst versagt, und ich habe die Steuerung auf einen Raspberry PI umgebaut.<br \/>\nMehr dazu bald auf der Steuerungsseite.<\/td>\n<\/tr>\n<tr>\n<td>??.11.2012<\/td>\n<td>Ein netter kleiner Nager hat mir den schlauch zum Bodenablauf angeknabbert. Danke!<br \/>\nBeim n\u00e4chsten ersetzen der Poolfolie muss ich jetzt einen neuen Bodenablauf fest einplanen. Dieser kommt dann aber in die Mitte.<\/td>\n<\/tr>\n<tr>\n<td>15.03.2009<\/td>\n<td>Eigentlich wollte ich nur die neuen Solarpanele auflegen und die Verrohrung an die neuen Absorber anpassen. Doch durch die komplett andere Dachbelegung habe ich mir die Arbeit gemacht und alle Rohre neu gelegt. Gleichzeitig habe ich zwei Absperrh\u00e4hne in den Solarkreislauf eingebaut. Damit kann ich bei Wartungsarbeiten das Leerlaufen der Absorber verhindern.<\/td>\n<\/tr>\n<tr>\n<td>09.03.2009<\/td>\n<td>Heute wurde die neue Solaranlage geliefert. Wenn es das Wetter am Wochende zul\u00e4sst werde ich die Solaranlage neu aufbauen.<\/td>\n<\/tr>\n<tr>\n<td>&#8212; 2008<\/td>\n<td>Ich habe den Pool ohne gr\u00f6\u00dfere Arbeiten von April bis September in Betreib gehabt.<br \/>\nLeider war die Badesaison nicht so ergibig wie erhofft.<br \/>\nSchon im Winter 2007\/2008 hatte ich Versuche mit der D\u00e4mmung des Versorgungsschachtes gemacht. Diese waren durchaus Positiv, da ich erstmals keine Frostprobleme in diesem Bereich hatte.<br \/>\nGleichzeitig habe ich eine Abdeckung f\u00fcr den Versorgungsschacht gemacht, damit nicht unn\u00f6tig Wasser in den Versorgungsschacht l\u00e4uft.<\/td>\n<\/tr>\n<tr>\n<td>01.05.2007<\/td>\n<td>Vom 26-28.04 sorgt das warme Wetter f\u00fc Wassertemperaturen von 24\u00b0C<br \/>\nAb dem 28.4. sinkt die Lufttemperatur gewaltig. Durch die sehr niedrigen Nachttemperaturen k\u00fchlt der Pool immer wieder stark aus und gleichzeitig starken Wasserverlust (Verdunstung) mit sich bringt.<\/td>\n<\/tr>\n<tr>\n<td>15.04.2007<\/td>\n<td>Das warme Wetter in der Nachosterwoche bringt die Temperatur schon auf 20\u00b0C<br \/>\nSchon heute konnte &#8222;angebadet&#8220; werden.<\/td>\n<\/tr>\n<tr>\n<td>10.04.2007<\/td>\n<td>Die Pumpe f\u00e4ngt wieder mit Problemen an. Sie l\u00e4uft im kalten Zustand nicht an und brummt nur.<br \/>\nDer Grund daf\u00fcr ist ein defekter 12\u00b5F Kondensator. Dieser ist beim Einphasenwechselstrommotor f\u00fcr die Versorgung der Hilfswicklung zust\u00e4ndig.<br \/>\nNach dem Wechsel l\u00e4uft die Pumpe wieder einwandfrei.<\/td>\n<\/tr>\n<tr>\n<td>09.04.2007<\/td>\n<td>Er\u00f6ffnung am Ostermontag. So fr\u00fch habe ich den Pool eigentlich noch nicht aus dem Winterschlaf geholt.<br \/>\nDer Sturm Kyrill hat mir die Winterabdeckplane teilweise vom Pool gehoben und daf\u00dcr gesorgt, das die Styroporplatten reichlich durcheinander geflogen sind. Durch die L\u00fccken an den R\u00e4ndern wurde auch einiges an Schmutz und Laub in das Becken bef\u00f6rdert. Bei der ersten Reinigung vom Winterdreck sorgt das f\u00fcr einiges an Zusatzarbeit.<br \/>\nTrotzdem ist das Wasser absolut klar und daher<\/td>\n<\/tr>\n<tr>\n<td>04.02.2007<\/td>\n<td>Wieder ist das Kugelventil f\u00fcr den Bodenablauf kaputtgefroren und sorgt leider f\u00fcr extremen Wasserverlust.<br \/>\nProvisorisch habe ich das Kugelventil durch einen Schieber ersetzt und den Wasserspiegel mit dem reichlich vorhandenen Regenwasser wieder aufgef\u00fcllt.<br \/>\nF\u00fc den n\u00e4chsten Winter muss ich mir was einfallen lassen.<\/td>\n<\/tr>\n<tr>\n<td>28.10.2006<\/td>\n<td>Pool &#8222;eingewintert&#8220;<\/td>\n<\/tr>\n<tr>\n<td>17.08.2006<\/td>\n<td>Wieder gelgentliche Probleme beim Pumpenstart.<\/td>\n<\/tr>\n<tr>\n<td>2.5.2006<\/td>\n<td>Erste &#8222;Schwimmversuche&#8220; f\u00fcr dieses Jahr.<\/td>\n<\/tr>\n<tr>\n<td>2.4.2006<\/td>\n<td>Pool &#8222;ausgewintert&#8220;<br \/>\nDie Syroporabdeckung hat ihern Zweck voll erf\u00fcllt. Nur sehr wenig Fremdwasser und Schmutz ist in das Becken gekommen. Damit kann ich mir eine Fr\u00fchjahrsgrundreinigung sparen. Leider hat dieses Polster aber auch eine erheblichen Nachteil. Die Oberfl\u00e4che ist nur sehr schwer vom Eis zu befreien. Erst als ich die Sytroporplatten weg genommen habe, geht es sehr schnell.<br \/>\nDurch die PVC Verrohrung ist der Auswinterungsvorgang deutlich einfacher und schneller wie in den Jahren zuvor.<\/td>\n<\/tr>\n<tr>\n<td>30.10.2005<\/td>\n<td>Pool &#8222;eingewintert&#8220;<br \/>\nDiesmal habe ich die Wasseroberfl\u00e4che mit Syroporplatten abgedeckt. Ich will damit verhindern das die Abdeckplane zu weit ins Wasser sinkt und damit zu viel Schmutz ins Wasser ger\u00e4t.<\/td>\n<\/tr>\n<tr>\n<td>21.6.2005<\/td>\n<td>Die Ersatzpumpe ist eingetroffen und bei 32\u00b0C habe ich die Pumpe gewechselt.<\/td>\n<\/tr>\n<tr>\n<td>19.6.2005<\/td>\n<td>Die Pumpe l\u00e4uft nicht mehr. Der Motor ist nicht angelaufen und der Termoschalter hat dann abgeschaltet.<\/td>\n<\/tr>\n<tr>\n<td>25.5.2005<\/td>\n<td>Kurz vor meinem Urlaub st\u00fcrzt die Steuerung do das erste mal ab<br \/>\nW\u00e4hrend der folgenden 4 Wochen passiert das nicht mehr.<\/td>\n<\/tr>\n<tr>\n<td>18.4.2005<\/td>\n<td>Komplette Programm\u00fcberarbeitung<br \/>\nAbst\u00fcrze der Steuerung sind bisher keine mehr aufgetreten. Scheinbar reicht das Abschirmen der Leitung<\/td>\n<\/tr>\n<tr>\n<td>8.4.2005<\/td>\n<td>Erweitern der Steuerung um die I\/O Station zur Anzeige von Wassertemperatur, Uhrzeit und Status der Anlage<br \/>\nDen St\u00f6rungen der Steuerung Versuche ich mit geschirmten Kabeln die beiderseits auf Masse gelegt werden.<\/td>\n<\/tr>\n<tr>\n<td>2.4.2005<\/td>\n<td>Auswintern des Pools.<br \/>\nDie Wasserwerte sind Super (PH 7,2) und es sind keine Verunreinigungen (Algen) im Wasser zu sehen.<br \/>\nErst als ich Frisches Wasser hinzupumpe habe ich Schwebstoffe im Wasser.<br \/>\nNach drei Tagen sind diese alle am Grund und sind Problemlos abzusaugen.<br \/>\nLeider ist \u00fcber Winter meine DCF Uhr kaputt gegangen. Ersatz ist jetzt das Uhrenmodul von Conrad.<\/td>\n<\/tr>\n<tr>\n<td>29-31.3.2005<\/td>\n<td>Umbau der Kompletten Verrohrung von 1 1\/4&#8243; Schaluch auf 50mm PVC Rohr<\/td>\n<\/tr>\n<tr>\n<td>27.12.2004<\/td>\n<td>Der Pool ist fast leer!! Grund: Das Sperrventil vom Bodenablauf ist kaputtgefroren und dichtet nicht mehr. Durch mein \u00d6ffnen und Schliessen ist dieser Defekt erst zu Tage getreten.<\/td>\n<\/tr>\n<tr>\n<td>26.12.2004<\/td>\n<td>Die ausgiebigen Regenf\u00e4lle im Dezember haben den Wasserstand im Pool deutlich ansteigen lassen.<br \/>\nIch entscheide mich einiges Wasser durch den Bodenablauf zu entsorgen (Fatale Entscheidung!).<\/td>\n<\/tr>\n<tr>\n<td>9.10.2004<\/td>\n<td>Einwintern des Pools<\/td>\n<\/tr>\n<tr>\n<td>22.8.2004<\/td>\n<td>Alle extrenen Anschl\u00fcsse deaktiviert. Die Saison wird ohne &#8222;Luxus&#8220; beendet.<br \/>\nDas in E-Bay g\u00fcnstig ersteigerte I\/O Terminal (zur Temperaturanzeige) wird nicht mehr dieses Jahr installiert.<\/td>\n<\/tr>\n<tr>\n<td>21.8.2004<\/td>\n<td>Weitere Versuche mit externen Anschl\u00fcssen ergeben ein Katastrophales EMV Verhalten der C-Station.<\/td>\n<\/tr>\n<tr>\n<td>18.8.2004<\/td>\n<td>Die Steuerung bleibt st\u00e4ndig ohne erkennbaren Grund h\u00e4ngen<br \/>\nN\u00e4here Untersuchungen ergeben das die Schalter am Pool der Grund daf\u00fcr sind<br \/>\nSo muss ich leider die Wasserstandssensoren und den Pumpenfernschalter deaktivieren<\/td>\n<\/tr>\n<tr>\n<td>14.8.2004<\/td>\n<td>Die neue C-Control Sation wird sofort installiert und getestet.<\/td>\n<\/tr>\n<tr>\n<td>12.8.2004<\/td>\n<td>Diverse \u00c4nderungen an der Software<br \/>\n&#8211; Fernsteuerung der Pumpe \u00fcber einen Taster am Pool<br \/>\n&#8211; Timersteuerung, die Pumpe l\u00e4uft ein halbe Stunde nach.<br \/>\n&#8211; Trockenlaufschutz<\/td>\n<\/tr>\n<tr>\n<td>5.8.2004<\/td>\n<td>Wassertemperatur 28\u00b0C (abgeregelt)<\/td>\n<\/tr>\n<tr>\n<td>4.8.2004<\/td>\n<td>Die C-Control Station verweigert der Pumpe ihren Dienst. Das Relais f\u00fcr die Pumpe ist defekt (Garantie)<br \/>\nZeitweise bleibt die Station stehen. Nur die RESTET Taste hilft dann.<\/td>\n<\/tr>\n<tr>\n<td>20.7.2004<\/td>\n<td>Die C-Control ist da und wird sofort in Betrieb genommen.<br \/>\nDie ben\u00f6tigte Software hatte ich schon im vorraus geschrieben<\/td>\n<\/tr>\n<tr>\n<td>10.7.2004<\/td>\n<td>Neue Filterpumpe eingebaut<\/td>\n<\/tr>\n<tr>\n<td>14.7.2004<\/td>\n<td>Das st\u00e4ndig wechselhafte Wetter verleitet mich dazu eine Automatische Solarregelung zu bauen<br \/>\nIch m\u00f6chte die vorhandenen Sonnenstunden besser nutzten.<\/td>\n<\/tr>\n<tr>\n<td>27.6.2004<\/td>\n<td>Erste Badeversuche sind vielversprechend.<br \/>\nDie Solaranlage erreicht nicht die Volle Leistung, da die Ersatzpumpe zu schwach ist<\/td>\n<\/tr>\n<tr>\n<td>18+19.6.2004<\/td>\n<td>Der dritte F\u00fcllversuch gelingt<\/td>\n<\/tr>\n<tr>\n<td>16.6.2004<\/td>\n<td>Die neue Folie ist schon da<\/td>\n<\/tr>\n<tr>\n<td>14.6.2004<\/td>\n<td>Neue Folie bestellt<\/td>\n<\/tr>\n<tr>\n<td>11.6.2004<\/td>\n<td>Zweiter F\u00fcllversuch mit anders eingeh\u00e4ngter Folie. Auch jetzt m\u00fcssen wir die F\u00fcllung abbrechen, da die Spannung auf den Rand zu gro\u00df wurde. Zudem scheint die Folie undicht zu sein<\/td>\n<\/tr>\n<tr>\n<td>29.5.2004<\/td>\n<td>Erster F\u00fcllversuch &#8230;. Abgebrochen, da die Wand zusammengest\u00fcrzt ist.<br \/>\nFestgestellt das die Filterpumpe nicht l\u00e4uft. Der Motor ist festgerostet.<br \/>\nDie Pumpe wird durch meine alte Filterpumpe vom &#8222;Gummipool&#8220; erstetzt<\/td>\n<\/tr>\n<tr>\n<td>24.5.2004<\/td>\n<td>Erstellen der Bodenplatte<\/td>\n<\/tr>\n<tr>\n<td>21.5.2004<\/td>\n<td>Baubeginn<\/td>\n<\/tr>\n<\/tbody>\n<\/table>\n","protected":false},"excerpt":{"rendered":"<p> 11.02.2016 Scripte und Konfiguration der Steuerung auf dem Raspberry PI komplett \u00fcberarbeitet. FHEM rausgeworfen. Homepage aktualisiert &#8211; Beschreibung der aktualisierten Steuerung eingef\u00fcgt. Saubere Darstellung der Temperaturen auf der Seite eingef\u00fcgt.<\/p>\n<p>Display am Raspberry hinzugef\u00fcgt inclusive der Fernsteuerung \u00fcber Softkey Tasten. 2015 Irgendwie lief die Anlage ohne weitere Eingriffe ohne Probleme. Da habe ich doch [&#8230;]<\/p>\n","protected":false},"author":2,"featured_media":0,"parent":75,"menu_order":20,"comment_status":"closed","ping_status":"closed","template":"","meta":[],"_links":{"self":[{"href":"http:\/\/www.kraftonline.org\/index.php?rest_route=\/wp\/v2\/pages\/321"}],"collection":[{"href":"http:\/\/www.kraftonline.org\/index.php?rest_route=\/wp\/v2\/pages"}],"about":[{"href":"http:\/\/www.kraftonline.org\/index.php?rest_route=\/wp\/v2\/types\/page"}],"author":[{"embeddable":true,"href":"http:\/\/www.kraftonline.org\/index.php?rest_route=\/wp\/v2\/users\/2"}],"replies":[{"embeddable":true,"href":"http:\/\/www.kraftonline.org\/index.php?rest_route=%2Fwp%2Fv2%2Fcomments&post=321"}],"version-history":[{"count":7,"href":"http:\/\/www.kraftonline.org\/index.php?rest_route=\/wp\/v2\/pages\/321\/revisions"}],"predecessor-version":[{"id":506,"href":"http:\/\/www.kraftonline.org\/index.php?rest_route=\/wp\/v2\/pages\/321\/revisions\/506"}],"up":[{"embeddable":true,"href":"http:\/\/www.kraftonline.org\/index.php?rest_route=\/wp\/v2\/pages\/75"}],"wp:attachment":[{"href":"http:\/\/www.kraftonline.org\/index.php?rest_route=%2Fwp%2Fv2%2Fmedia&parent=321"}],"curies":[{"name":"wp","href":"https:\/\/api.w.org\/{rel}","templated":true}]}}