{"id":325,"date":"2013-11-25T13:34:52","date_gmt":"2013-11-25T12:34:52","guid":{"rendered":"http:\/\/www.kraftonline.org\/?page_id=325"},"modified":"2014-12-08T21:31:58","modified_gmt":"2014-12-08T20:31:58","slug":"verwendete-technik","status":"publish","type":"page","link":"http:\/\/www.kraftonline.org\/?page_id=325","title":{"rendered":"Verwendete Technik"},"content":{"rendered":"<div style=\"text-align: center;\" align=\"center\"><span style=\"font-size: small;\">Die bei unserem Pool verbaute Technik<\/span><\/div>\n<p>&nbsp;<\/p>\n<table border=\"3\" cellspacing=\"3\" cellpadding=\"3\" align=\"center\">\n<tbody>\n<tr>\n<td>Pool:<\/td>\n<td>5,5m (28m\u00b3 Wasser) Stahlwandpool amerikanischer Bauart<\/td>\n<\/tr>\n<tr>\n<td>Pumpe:<\/td>\n<td>Mareva 11m\u00b3\/h mit Vorfilter<br \/>\n(Baugleich mit Hayward Max Flo 3\/4HP)<\/td>\n<\/tr>\n<tr>\n<td>Filter:<\/td>\n<td>Hayward Sandfilter S144T mit 6-Wegeventil<br \/>\n7m\u00b3\/h Filerleistung<\/td>\n<\/tr>\n<tr>\n<td>Solaranlage (ab 2009):<\/td>\n<td>3 Ecolar Solarpaneele 1x4m<br \/>\nAbsorberfl\u00e4che (gesamt ~12m\u00b2)<\/td>\n<\/tr>\n<tr>\n<td>Solaranlage (bis 2008):<\/td>\n<td>3 Sun Heater Solarpaneele mit je 3,5m\u00b2 Absorberfl\u00e4che<br \/>\n(gesamt ~10m\u00b2)<\/td>\n<\/tr>\n<tr>\n<td>Steuerung (seit 2013):<\/td>\n<td>Eigenbau mit Raspberry PI und Hunter Magnetventil<\/td>\n<\/tr>\n<tr>\n<td>Rohre:<\/td>\n<td>je 8m DN40 f\u00fcr Bodenablauf, Skimmer und Zulauf<\/td>\n<\/tr>\n<tr>\n<td><\/td>\n<td><\/td>\n<\/tr>\n<tr>\n<td><\/td>\n<td><\/td>\n<\/tr>\n<\/tbody>\n<\/table>\n<p>Die Pools amerikanischer Bauart sollen von der Qualit\u00e4t nicht so besonders gut sein. Das kann ich nicht best\u00e4tigen. Ich bin der dritte Besitzer dieses Pools. Die etwas unf\u00f6rmigen Randabdeckungen finde ich pers\u00f6nlich nicht so schlimm. Auch die St\u00fctzen die diese Pools ben\u00f6tigen, fallen durch den teilweisen Einbau nicht weiter auf.<\/p>\n<p>Solche Pools wurden lange Zeit durch die Firma Sch\u00f6sstec (Sch\u00f6ssenwender &amp; Partner) in Freilassing vertrieben.<br \/>\nLeider scheint die Firma Sch\u00f6sstec den Gesch\u00e4fstbetrieb eingestellt zu haben.<\/p>\n","protected":false},"excerpt":{"rendered":"<p>Die bei unserem Pool verbaute Technik <\/p>\n<p>&nbsp;<\/p>\n<p> Pool: 5,5m (28m\u00b3 Wasser) Stahlwandpool amerikanischer Bauart Pumpe: Mareva 11m\u00b3\/h mit Vorfilter (Baugleich mit Hayward Max Flo 3\/4HP) Filter: Hayward Sandfilter S144T mit 6-Wegeventil 7m\u00b3\/h Filerleistung Solaranlage (ab 2009): 3 Ecolar Solarpaneele 1x4m Absorberfl\u00e4che (gesamt ~12m\u00b2) Solaranlage (bis 2008): 3 Sun Heater Solarpaneele mit je 3,5m\u00b2 Absorberfl\u00e4che (gesamt [&#8230;]<\/p>\n","protected":false},"author":2,"featured_media":0,"parent":75,"menu_order":60,"comment_status":"closed","ping_status":"closed","template":"","meta":[],"_links":{"self":[{"href":"http:\/\/www.kraftonline.org\/index.php?rest_route=\/wp\/v2\/pages\/325"}],"collection":[{"href":"http:\/\/www.kraftonline.org\/index.php?rest_route=\/wp\/v2\/pages"}],"about":[{"href":"http:\/\/www.kraftonline.org\/index.php?rest_route=\/wp\/v2\/types\/page"}],"author":[{"embeddable":true,"href":"http:\/\/www.kraftonline.org\/index.php?rest_route=\/wp\/v2\/users\/2"}],"replies":[{"embeddable":true,"href":"http:\/\/www.kraftonline.org\/index.php?rest_route=%2Fwp%2Fv2%2Fcomments&post=325"}],"version-history":[{"count":2,"href":"http:\/\/www.kraftonline.org\/index.php?rest_route=\/wp\/v2\/pages\/325\/revisions"}],"predecessor-version":[{"id":467,"href":"http:\/\/www.kraftonline.org\/index.php?rest_route=\/wp\/v2\/pages\/325\/revisions\/467"}],"up":[{"embeddable":true,"href":"http:\/\/www.kraftonline.org\/index.php?rest_route=\/wp\/v2\/pages\/75"}],"wp:attachment":[{"href":"http:\/\/www.kraftonline.org\/index.php?rest_route=%2Fwp%2Fv2%2Fmedia&parent=325"}],"curies":[{"name":"wp","href":"https:\/\/api.w.org\/{rel}","templated":true}]}}