{"id":331,"date":"2013-11-25T13:48:51","date_gmt":"2013-11-25T12:48:51","guid":{"rendered":"http:\/\/www.kraftonline.org\/?page_id=331"},"modified":"2013-11-25T13:55:07","modified_gmt":"2013-11-25T12:55:07","slug":"poolbau-weitere-infos","status":"publish","type":"page","link":"http:\/\/www.kraftonline.org\/?page_id=331","title":{"rendered":"Poolbau &#8211; Weitere Infos"},"content":{"rendered":"<div align=\"center\"><span style=\"font-size: small;\">Weitere Infos<\/span><\/div>\n<p>Die Pools amerikanischer Bauart sollen von der Qualit\u00e4t nicht so besonders gut sein. Das kann ich nicht best\u00e4tigen. Ich bin der dritte Besitzer dieses Pools. Die etwas unf\u00f6rmigen Randabdeckungen finde ich pers\u00f6nlich nicht so schlimm. Auch die St\u00fctzen die diese Pools ben\u00f6tigen, fallen durch den teilweisen Einbau nicht weiter auf.<\/p>\n<p>Solche Pools wurden lange Zeit durch die Firma Sch\u00f6sstec (Sch\u00f6ssenwender &amp; Partner) in Freilassing vertrieben.<br \/>\nLeider scheint die Firma Sch\u00f6sstec den Gesch\u00e4fstbetrieb eingestellt zu haben.<\/p>\n<p>Fehler beim Bau:<\/p>\n<p>Nein ich habe nichts falsch gemacht &#8230;.. Das kann ich <strong>nicht<\/strong> behaupten<\/p>\n<p>1.)<br \/>\nLagern von benutzter Poolfolie sollte tunlichst vermieden werden. Auch sollte der Pool nicht l\u00e4ngere Zeit ohne F\u00fcllung stehenbleiben. Die Folie schrumpft und wird so unbrauchbar. Ich habe dadurch eine neue Folie kaufen d\u00fcrfen.<br \/>\n2.)<br \/>\nAmerikanische Pools haben ein St\u00fctzger\u00fcst welches mit Metallklammern an der Bodenschiene festgemacht wird. Dadurch ergeben sich Kanten die die Folie besch\u00e4digen k\u00f6nnten. Eine Abdeckung dieser Bereiche ist ratsam. Das war mir nicht bekannt und so muss ich an Ende der Saison 2004 diesen Fehler berichtigen.<\/p>\n<p><a href=\"http:\/\/www.kraftonline.org\/Impressum.html\">\u00a9 2004 Bertil Kraft<\/a><\/p>\n","protected":false},"excerpt":{"rendered":"<p>Weitere Infos <\/p>\n<p>Die Pools amerikanischer Bauart sollen von der Qualit\u00e4t nicht so besonders gut sein. Das kann ich nicht best\u00e4tigen. Ich bin der dritte Besitzer dieses Pools. Die etwas unf\u00f6rmigen Randabdeckungen finde ich pers\u00f6nlich nicht so schlimm. Auch die St\u00fctzen die diese Pools ben\u00f6tigen, fallen durch den teilweisen Einbau nicht weiter auf.<\/p>\n<p>Solche Pools wurden [&#8230;]<\/p>\n","protected":false},"author":2,"featured_media":0,"parent":75,"menu_order":45,"comment_status":"closed","ping_status":"closed","template":"","meta":[],"_links":{"self":[{"href":"http:\/\/www.kraftonline.org\/index.php?rest_route=\/wp\/v2\/pages\/331"}],"collection":[{"href":"http:\/\/www.kraftonline.org\/index.php?rest_route=\/wp\/v2\/pages"}],"about":[{"href":"http:\/\/www.kraftonline.org\/index.php?rest_route=\/wp\/v2\/types\/page"}],"author":[{"embeddable":true,"href":"http:\/\/www.kraftonline.org\/index.php?rest_route=\/wp\/v2\/users\/2"}],"replies":[{"embeddable":true,"href":"http:\/\/www.kraftonline.org\/index.php?rest_route=%2Fwp%2Fv2%2Fcomments&post=331"}],"version-history":[{"count":1,"href":"http:\/\/www.kraftonline.org\/index.php?rest_route=\/wp\/v2\/pages\/331\/revisions"}],"predecessor-version":[{"id":332,"href":"http:\/\/www.kraftonline.org\/index.php?rest_route=\/wp\/v2\/pages\/331\/revisions\/332"}],"up":[{"embeddable":true,"href":"http:\/\/www.kraftonline.org\/index.php?rest_route=\/wp\/v2\/pages\/75"}],"wp:attachment":[{"href":"http:\/\/www.kraftonline.org\/index.php?rest_route=%2Fwp%2Fv2%2Fmedia&parent=331"}],"curies":[{"name":"wp","href":"https:\/\/api.w.org\/{rel}","templated":true}]}}