{"id":77,"date":"2010-03-16T16:02:24","date_gmt":"2010-03-16T15:02:24","guid":{"rendered":"http:\/\/kraftonline.bplaced.net\/?page_id=77"},"modified":"2013-11-25T10:21:52","modified_gmt":"2013-11-25T09:21:52","slug":"wasserpfelge","status":"publish","type":"page","link":"http:\/\/www.kraftonline.org\/?page_id=77","title":{"rendered":"Wasserpfelge"},"content":{"rendered":"<h1>Kristallklares Wasser<\/h1>\n<p>Wasser will gepflegt sein<\/p>\n<p>Die Wasserbehandlung (oder auch Aufbereitung) wird mit Hilfe diverser physikalischer und chemischer Vorg\u00e4ngen vorgenommen. F\u00fcr eine gute Wasserbehandlung ist beides enorm wichtig. Unter die Physikalischen Vorg\u00e4nge f\u00e4llt das Filtern und die Bodenreinigung. Die Filteranlage muss f\u00fcr das Becken passend gew\u00e4hlt sein. Dazu muss gew\u00e4hrleistet sein das der Beckeninhalt im Schnitt zweimal am Tag den Filter durchstr\u00f6mt.<\/p>\n<p>Ein weiter Teil der Schwimmbadpflege ist die chemische Wasserpflege.<\/p>\n<p><strong>Im wesentlichen besteht die chemische Wasserpflege aus vier Schritten:<br \/>\n<\/strong><\/p>\n<p><strong>&#8211; die Einhaltung des pH-Wertes<br \/>\n<\/strong><\/p>\n<p><strong>&#8211; die Desinfektion<br \/>\n<\/strong><\/p>\n<p><strong>&#8211; die Flockung.<br \/>\n<\/strong><\/p>\n<p><strong>&#8211; die Algenbek\u00e4mpfung<\/strong><\/p>\n<p>F\u00fcr alle Schritte gibt es entsprechende Wasserpflegemittel.<\/p>\n<p>Die Beschaffenheit der F\u00fcllwassers ist zur Anwendung dieser Pflegemittel zu ermitteln. Dabei gibt es einige Stolpersteine zu beachten. Wird Brunnenwasser verwendet so kann ein hoher Eisengehalt das Ergebnis stark beeinflussen. Eine Wasseranalyse w\u00e4re daher angebracht. Bei Leitungswasser sollten diese Werte allerdings in einem Bereich liegen die f\u00fcr Schwimmb\u00e4der ausreichend ist. Es kann auch Regenwasser zur F\u00fcllung verwendet werden, welches sich als weitgehend Problemlos erweist.<\/p>\n<p><strong>Es sollte direkt nach der Bef\u00fcllung mit der Wasserpflege begonnen werden<\/strong>. Denn wenn das Wasser einmal &#8222;umgekippt&#8220; ist, hat man sicher gro\u00dfe Probleme das ganze wieder ins Lot zu bringen.<\/p>\n<p>Als erstes sollte man den PH wert seines Wassers bestimmen, sonst hat die ganze weitere Pflegeprozedur keine Wirkung<\/p>\n<p>Der pH-Wert sagt etwas dar\u00fcber aus, ob das Wasser sauer oder alkalisch reagiert. Ein idealer pH-Wert von Schwimmbeckenwasser liegt im Bereich zwischen 7,2 und 7,6. Dieser Wert ist ein Mittelma\u00df f\u00fcr Hautvertr\u00e4glichkeit und Wirksamkeit der Desinfektionschemie. Je h\u00f6her der pH-Wert des Wassers, desto weniger vertr\u00e4glich ist es f\u00fcr die Haut, je geringer der Wert um so schlechter die Wirksamkeit des Desinfektionsmittels.<\/p>\n<p>Zum Senken des pH-Wertes werden S\u00e4uren verwendet, die im Privaten Gebrauch als S\u00e4uregranulat zum Einsatz kommen. F\u00fcr das Anheben der pH-Wertes werden Basen (auch hier in Pulverform) verwendet.<\/p>\n<p>Stimmt der PH wert, kann man sich der Desinfektion zuwenden. Eine Desinfektion ist unbedingt notwendig. Wasser mit Temperaturen \u00fcber 22\u00b0C bieten Keimen und Pilzen einen sehr guten N\u00e4hrboden. Es enth\u00e4lt N\u00e4hrstoffe in Form organischer Verunreinigungen, die von den Badenden und aus der Umgebung eingetragen werden. Bei weitem nicht alle Bakterien und Pilzarten sind Krankheitserreger und stellen somit keine unmittelbare Gesundheitsgef\u00e4hrdung dar. Ihr vermehrtes Wachstum kann jedoch zu glitschigen Bel\u00e4gen der Beckenw\u00e4nde und in Extremf\u00e4llen zu Tr\u00fcbungen des Wassers fuhren.<\/p>\n<p>Als Desinfektionsmittel k\u00f6nnen f\u00fcr den Privaten Gebrauch unterschiedliche Verfahren verwendet werden.<\/p>\n<p>Das am meisten verwendete Verfahren ist wohl die Chlorung. Ich werde mich hier auch nur diesem Verfahren widmen.<\/p>\n<p>Chlor hat eine sehr hohe Keimt\u00f6tende Wirkung. Doch auch als Oxidationsmittel greift Chlor alle m\u00f6glichen Oxidierbaren Verbindungen an (auch die Haut). Das ist wohl der gr\u00f6\u00dfte Nachteil der Chlordesinfektion.<\/p>\n<p>Chlor reagiert mit stickstoffhaltigen Verbindungen, die von den Badenden zwangsl\u00e4ufig ins Wasser gebracht werden, zu Chloraminen. Diese stechend riechenden Verbindungen reizen die Haut und Schleimh\u00e4ute stark. Chloramine werden als gebundenes Chlor bezeichnet. Sie bilden sich besonders dann, wenn zu wenig freies Chlor im Wasser vorhanden ist oder wenn das Wasser pl\u00f6tzlich sehr stark mit stickstoffhaltigen Verbindungen belastet wird. Ein Schwimmbadwasser, das \u201enach Chlor&#8220; riecht und die Augen stark reizt, enth\u00e4lt nicht zuviel, sondern zu wenig Chlor, so paradox dies erscheint. Erst durch eine \u00dcberdosierung an freiem Chlor wird das gebundene Chlor zerst\u00f6rt und Geruch und Augenreizungen lassen nach.<\/p>\n<p>Der Gehalt an freiem und ungebundenem Chlor l\u00e4sst sich mit einfach zu handhabenden Farbmessger\u00e4ten nach der so genannten DPD-Methode messen. In \u00f6ffentlichen B\u00e4dern ist diese Me\u00dfmethode heute weitgehend \u00fcblich. Auch dem privaten Schwimmbadbesitzer sei die DPD-Methode empfohlen. Eine sofortige Beurteilung des Chlorwertes ist damit problemlos M\u00f6glich.<\/p>\n<p>F\u00fcr den Betrieb eines privaten Schwimmbades scheidet die Verwendung von Chlorgas wegen seiner Gef\u00e4hrlichkeit aus. Auch die Verwendung von Chlorbleichlauge ist in der Handhabung zu gef\u00e4hrlich. Zudem w\u00fcrden diese Mittel den pH-Wert der Wassers deutlich ver\u00e4ndern. Auch eine Lagerung der Produkte ist Aufgrund der schlechten Chemischen Stabilit\u00e4t sehr schlecht. Also was soll man sonst verwenden?<\/p>\n<p>Es gibt stabilisierte Chlorprodukte mit einem hohen Anteil an Aktivchlor. Sie sind r\u00fcckstandsfrei l\u00f6slich und ver\u00e4ndern den pH-Wert des Wassers nicht. Diese Mittel sind in Form von Granulat und Tabletten verf\u00fcgbar, die entweder schnell oder langsam aufl\u00f6sbar. Die Lagerung und Handhabung der stabilisierten Chlorprodukte ist deutlich gefahrloser wie von Chlorgas oder Chlorbleichluage. Daher sind diese Mittel f\u00fcr Private und kleine \u00f6ffentliche B\u00e4der besonders geeignet.<\/p>\n<p>Ein weiterer Vorteil dieser Produkte ist die stabilisierende Wirkung auf das freie Chlor im Wasser. In Freibecken wird normalerweise freies Chlor sehr rasch durch Sonneneinstrahlung zerst\u00f6rt und geht damit nutzlos verloren. Der Chlorstabilisator vermindert den Zerfall des wirksamen Chlors und erh\u00f6ht somit die Ausnutzung des verf\u00fcgbaren Aktivchlors.<\/p>\n<p>Da im Schwimmbadwasser aber auch kleine feste Bestandteile vorhanden sind die nicht im Sandfilter h\u00e4ngen bleiben, ist eine Flockung zu empfehlen. Das Flocken verhindert somit Tr\u00fcbungen des Wassers. Flockungsmittel sind chemische Verbindungen, die im Wasser gro\u00dfvolumige, flockenf\u00f6rmige Niederschl\u00e4ge bilden. Wird das Flockmittel dem Wasser zugegeben, so ballen sich die feinen Verunreinigungen zu Flocken zusammen die vom Sandfilter besser ausgefiltert werden k\u00f6nnen. Gibt man das Flockmittel nach dem R\u00fccksp\u00fclen des Filters in den Skimmer, so bildet sich im Sand eine Flockschicht die das R\u00fcckhalteverm\u00f6gen des Filters positiv beeinflusst. Diesen Vorgang nennt man ansch\u00e4rfen. Eine weitere M\u00f6glichkeit zur Flockung besteht in der Ausbringung so genannter Flockkissen im Skimmer.<\/p>\n<p>Die Flockung kann vorbeugend und auch zur Behebung bereits bestehender Tr\u00fcbungen eingesetzt werden.<\/p>\n<p><strong>Die Flockung darf nicht bei Kartuschenfiltern angewendet werden!<\/strong><\/p>\n<p>Der letzte Arbeitsschritt gilt dem Algenwachstum, oder besser gesagt der Verhinderung von Algenwachstum. Algen sind Pflanzen. Die Verunreinigungen unseres Wassers und das einfallende Licht sind ein idealer N\u00e4hrboden f\u00fcr Algen.<\/p>\n<p><strong>Mit Chlor allein l\u00e4sst sich Algenwachstum nicht zuverl\u00e4ssig verhindern<\/strong>, denn Algen k\u00f6nnen chlorresistent werden. Um jetzt auch den Algen Herr zu werden, gibt es spezielle Pr\u00e4parate, (Algizide), die schon in geringer Konzentration Algenwachstum verhindern.<\/p>\n<p>Die Dosierung der jeweiligen Mittel ist der Anleitung zu entnehmen.<\/p>\n<p>Zu Guter letzt sollte der Schwimmbadbesitzer nicht so sparsam mit dem Frischwasser sein. Ein gewisser Teil des Wassers sollte im laufenden Betrieb ausgetauscht werden.<\/p>\n<p><a href=\"..\/?page_id=24\">\u00a9 2005 Bertil Kraft<\/a><\/p>\n","protected":false},"excerpt":{"rendered":"<p>Kristallklares Wasser <\/p>\n<p>Wasser will gepflegt sein<\/p>\n<p>Die Wasserbehandlung (oder auch Aufbereitung) wird mit Hilfe diverser physikalischer und chemischer Vorg\u00e4ngen vorgenommen. F\u00fcr eine gute Wasserbehandlung ist beides enorm wichtig. Unter die Physikalischen Vorg\u00e4nge f\u00e4llt das Filtern und die Bodenreinigung. Die Filteranlage muss f\u00fcr das Becken passend gew\u00e4hlt sein. Dazu muss gew\u00e4hrleistet sein das der Beckeninhalt im [&#8230;]<\/p>\n","protected":false},"author":2,"featured_media":0,"parent":75,"menu_order":90,"comment_status":"closed","ping_status":"closed","template":"","meta":[],"_links":{"self":[{"href":"http:\/\/www.kraftonline.org\/index.php?rest_route=\/wp\/v2\/pages\/77"}],"collection":[{"href":"http:\/\/www.kraftonline.org\/index.php?rest_route=\/wp\/v2\/pages"}],"about":[{"href":"http:\/\/www.kraftonline.org\/index.php?rest_route=\/wp\/v2\/types\/page"}],"author":[{"embeddable":true,"href":"http:\/\/www.kraftonline.org\/index.php?rest_route=\/wp\/v2\/users\/2"}],"replies":[{"embeddable":true,"href":"http:\/\/www.kraftonline.org\/index.php?rest_route=%2Fwp%2Fv2%2Fcomments&post=77"}],"version-history":[{"count":6,"href":"http:\/\/www.kraftonline.org\/index.php?rest_route=\/wp\/v2\/pages\/77\/revisions"}],"predecessor-version":[{"id":237,"href":"http:\/\/www.kraftonline.org\/index.php?rest_route=\/wp\/v2\/pages\/77\/revisions\/237"}],"up":[{"embeddable":true,"href":"http:\/\/www.kraftonline.org\/index.php?rest_route=\/wp\/v2\/pages\/75"}],"wp:attachment":[{"href":"http:\/\/www.kraftonline.org\/index.php?rest_route=%2Fwp%2Fv2%2Fmedia&parent=77"}],"curies":[{"name":"wp","href":"https:\/\/api.w.org\/{rel}","templated":true}]}}